{"id":4706,"date":"2025-05-12T11:57:37","date_gmt":"2025-05-12T11:57:37","guid":{"rendered":"https:\/\/hakunamatata.lu\/?page_id=4706"},"modified":"2025-05-12T13:30:14","modified_gmt":"2025-05-12T13:30:14","slug":"pre-inscription","status":"publish","type":"page","link":"https:\/\/hakunamatata.lu\/?page_id=4706","title":{"rendered":"Pr\u00e9-inscription"},"content":{"rendered":"\t\t<div data-elementor-type=\"wp-page\" data-elementor-id=\"4706\" class=\"elementor elementor-4706\" data-elementor-settings=\"[]\">\n\t\t\t\t\t\t\t<div class=\"elementor-section-wrap\">\n\t\t\t\t\t        <section class=\"elementor-section elementor-top-section elementor-element elementor-element-54285891 elementor-section-stretched elementor-section-content-middle elementor-section-boxed elementor-section-height-default elementor-section-height-default\" data-id=\"54285891\" data-element_type=\"section\" data-settings=\"{&quot;stretch_section&quot;:&quot;section-stretched&quot;,&quot;background_background&quot;:&quot;classic&quot;}\">\n            \n                        <div class=\"elementor-container elementor-column-gap-default \">\n                    <div class=\"elementor-column elementor-col-50 elementor-top-column elementor-element elementor-element-62cc26b3\" data-id=\"62cc26b3\" data-element_type=\"column\">\n            <div class=\"elementor-widget-wrap elementor-element-populated\">\n                        \t\t<div class=\"elementor-element elementor-element-7496b62a elementor-widget elementor-widget-cms_image_single\" data-id=\"7496b62a\" data-element_type=\"widget\" data-widget_type=\"cms_image_single.default\">\n\t\t\t\t<div class=\"elementor-widget-container\">\n\t\t\t<div class=\"cms-image-single cms-animation-left-to-right wow zoomIn\">\r\n            <div class=\"cms-img-box\">\r\n                            <img decoding=\"async\" width=\"616\" height=\"660\" src=\"https:\/\/hakunamatata.lu\/wp-content\/uploads\/2020\/08\/image-left-home.png\" class=\"attachment-full size-full\" alt=\"\" \/>                    <\/div>\r\n    <\/div>\t\t<\/div>\n\t\t\t\t<\/div>\n\t\t            <\/div>\n        <\/div>\n                <div class=\"elementor-column elementor-col-50 elementor-top-column elementor-element elementor-element-17f6c861\" data-id=\"17f6c861\" data-element_type=\"column\">\n            <div class=\"elementor-widget-wrap elementor-element-populated\">\n                        \t\t<div class=\"elementor-element elementor-element-33945b9b elementor-widget elementor-widget-cms_heading\" data-id=\"33945b9b\" data-element_type=\"widget\" data-widget_type=\"cms_heading.default\">\n\t\t\t\t<div class=\"elementor-widget-container\">\n\t\t\t<div class=\"cms-heading-wrapper cms-heading-layout1 \">\r\n    \r\n            <h3 class=\"custom-heading\">\r\n            <span                 >\r\n                OFFREZ \u00c0 VOTRE ENFANT UN AVENIR \u00c9PANOUISSANT !<\/span>\r\n        <\/h3>\r\n        \r\n            <div class=\"custom-heading-description\">\r\n            Rejoignez notre communaut\u00e9 d\u00e8s aujourd\u2019hui en pr\u00e9-inscrivant votre enfant ! \nChez Hakuna Matata, nous offrons un environnement stimulant et s\u00e9curisant o\u00f9 chaque enfant peut s\u2019\u00e9panouir pleinement. Profitez de notre approche unique qui allie apprentissage ludique, repas \u00e9quilibr\u00e9s et un personnel passionn\u00e9. Les places sont limit\u00e9es, alors ne manquez pas cette chance d\u2019assurer \u00e0 votre enfant une exp\u00e9rience enrichissante et joyeuse. Inscrivez-vous d\u00e8s maintenant et donnez \u00e0 votre enfant le meilleur d\u00e9part possible !\n        <\/div>\r\n    <\/div>\t\t<\/div>\n\t\t\t\t<\/div>\n\t\t        <section class=\"elementor-section elementor-inner-section elementor-element elementor-element-34a37c93 elementor-section-boxed elementor-section-height-default elementor-section-height-default\" data-id=\"34a37c93\" data-element_type=\"section\">\n            \n                        <div class=\"elementor-container elementor-column-gap-default \">\n                    <div class=\"elementor-column elementor-col-50 elementor-inner-column elementor-element elementor-element-4a44a3ff\" data-id=\"4a44a3ff\" data-element_type=\"column\">\n            <div class=\"elementor-widget-wrap\">\n                                    <\/div>\n        <\/div>\n                <div class=\"elementor-column elementor-col-50 elementor-inner-column elementor-element elementor-element-171e2227\" data-id=\"171e2227\" data-element_type=\"column\">\n            <div class=\"elementor-widget-wrap\">\n                                    <\/div>\n        <\/div>\n                            <\/div>\n        <\/section>\n                    <\/div>\n        <\/div>\n                            <\/div>\n        <\/section>\n                <div class=\"elementor-section elementor-top-section elementor-element elementor-element-0d56a18 elementor-section-stretched elementor-section-full_width elementor-section-height-default elementor-section-height-default\" data-id=\"0d56a18\" data-element_type=\"section\" data-settings=\"{&quot;stretch_section&quot;:&quot;section-stretched&quot;,&quot;background_background&quot;:&quot;classic&quot;}\">\n            \n                        <div class=\"elementor-container elementor-column-gap-default \">\n                    <div class=\"elementor-column elementor-col-100 elementor-top-column elementor-element elementor-element-69df163\" data-id=\"69df163\" data-element_type=\"column\">\n            <div class=\"elementor-widget-wrap elementor-element-populated\">\n                        \t\t<div class=\"elementor-element elementor-element-cbe8615 elementor-widget elementor-widget-cms_banner\" data-id=\"cbe8615\" data-element_type=\"widget\" data-widget_type=\"cms_banner.default\">\n\t\t\t\t<div class=\"elementor-widget-container\">\n\t\t\t<div class=\"cms-banner layout1\">\r\n            <div class=\"img-bg \">\r\n            <img decoding=\"async\" width=\"1770\" height=\"71\" src=\"https:\/\/hakunamatata.lu\/wp-content\/uploads\/2020\/08\/grass.png\" class=\"attachment-full size-full\" alt=\"\" \/>        <\/div>\r\n    <\/div>\t\t<\/div>\n\t\t\t\t<\/div>\n\t\t            <\/div>\n        <\/div>\n                            <\/div>\n        <\/div>\n                <section class=\"elementor-section elementor-top-section elementor-element elementor-element-2e1ea485 elementor-section-stretched elementor-section-full_width elementor-section-height-default elementor-section-height-default\" data-id=\"2e1ea485\" data-element_type=\"section\" data-settings=\"{&quot;stretch_section&quot;:&quot;section-stretched&quot;,&quot;background_background&quot;:&quot;classic&quot;}\">\n            \n                        <div class=\"elementor-container elementor-column-gap-default \">\n                    <div class=\"elementor-column elementor-col-100 elementor-top-column elementor-element elementor-element-15096060\" data-id=\"15096060\" data-element_type=\"column\">\n            <div class=\"elementor-widget-wrap elementor-element-populated\">\n                        \t\t<div class=\"elementor-element elementor-element-8aadaf7 elementor-widget elementor-widget-wpforms\" data-id=\"8aadaf7\" data-element_type=\"widget\" data-widget_type=\"wpforms.default\">\n\t\t\t\t<div class=\"elementor-widget-container\">\n\t\t\t<style id=\"wpforms-css-vars-elementor-widget-8aadaf7\">\n\t\t\t\t.elementor-widget-wpforms.elementor-element-8aadaf7 {\n\t\t\t\t--wpforms-field-size-input-height: 43px;\n--wpforms-field-size-input-spacing: 15px;\n--wpforms-field-size-font-size: 16px;\n--wpforms-field-size-line-height: 19px;\n--wpforms-field-size-padding-h: 14px;\n--wpforms-field-size-checkbox-size: 16px;\n--wpforms-field-size-sublabel-spacing: 5px;\n--wpforms-field-size-icon-size: 1;\n--wpforms-label-size-font-size: 16px;\n--wpforms-label-size-line-height: 19px;\n--wpforms-label-size-sublabel-font-size: 14px;\n--wpforms-label-size-sublabel-line-height: 17px;\n--wpforms-button-size-font-size: 17px;\n--wpforms-button-size-height: 41px;\n--wpforms-button-size-padding-h: 15px;\n--wpforms-button-size-margin-top: 10px;\n\n\t\t\t}\n\t\t\t<\/style><div class=\"wpforms-container wpforms-container-full wpforms-render-modern\" id=\"wpforms-4713\"><form id=\"wpforms-form-4713\" class=\"wpforms-validate wpforms-form wpforms-ajax-form\" data-formid=\"4713\" method=\"post\" enctype=\"multipart\/form-data\" action=\"\/index.php?rest_route=%2Fwp%2Fv2%2Fpages%2F4706\" data-token=\"b9d819a1290553309b134526ab2b96b6\" data-token-time=\"1777564065\"><noscript class=\"wpforms-error-noscript\">Please enable JavaScript in your browser to complete this form.<\/noscript><div class=\"wpforms-hidden\" id=\"wpforms-error-noscript\">Please enable JavaScript in your browser to complete this form.<\/div><div class=\"wpforms-field-container\"><div id=\"wpforms-4713-field_24-container\" class=\"wpforms-field wpforms-field-select wpforms-field-select-style-classic\" data-field-id=\"24\"><label class=\"wpforms-field-label\" for=\"wpforms-4713-field_24\">Dans quelle cr\u00e8che souhaitez-vous faire la pr\u00e9-inscription<\/label><select id=\"wpforms-4713-field_24\" class=\"wpforms-field-medium\" name=\"wpforms[fields][24]\"><option value=\"Faites votre choix svp\" >Faites votre choix svp<\/option><option value=\"Beggen - 88, rue de Beggen\" >Beggen - 88, rue de Beggen<\/option><option value=\"Differdange - 12, rue St Nicolas\" >Differdange - 12, rue St Nicolas<\/option><option value=\"Differdange - 46, rue J.F. Kennedy\" >Differdange - 46, rue J.F. Kennedy<\/option><\/select><\/div><div id=\"wpforms-4713-field_4-container\" class=\"wpforms-field wpforms-field-text\" data-field-id=\"4\"><label class=\"wpforms-field-label\" for=\"wpforms-4713-field_4\">Pr\u00e9nom &amp; Nom de l&#039;enfant <span class=\"wpforms-required-label\" aria-hidden=\"true\">*<\/span><\/label><input type=\"text\" id=\"wpforms-4713-field_4\" class=\"wpforms-field-medium wpforms-field-required\" name=\"wpforms[fields][4]\" aria-errormessage=\"wpforms-4713-field_4-error\" required><\/div><div id=\"wpforms-4713-field_9-container\" class=\"wpforms-field wpforms-field-text\" data-field-id=\"9\"><label class=\"wpforms-field-label\" for=\"wpforms-4713-field_9\">Date de naissance de l&#039;enfant <span class=\"wpforms-required-label\" aria-hidden=\"true\">*<\/span><\/label><input type=\"text\" id=\"wpforms-4713-field_9\" class=\"wpforms-field-medium wpforms-field-required\" name=\"wpforms[fields][9]\" aria-errormessage=\"wpforms-4713-field_9-error\" required><\/div><div id=\"wpforms-4713-field_10-container\" class=\"wpforms-field wpforms-field-text\" data-field-id=\"10\"><label class=\"wpforms-field-label\" for=\"wpforms-4713-field_10\">Lieu de naissance de l&#039;enfant <span class=\"wpforms-required-label\" aria-hidden=\"true\">*<\/span><\/label><input type=\"text\" id=\"wpforms-4713-field_10\" class=\"wpforms-field-medium wpforms-field-required\" name=\"wpforms[fields][10]\" aria-errormessage=\"wpforms-4713-field_10-error\" required><\/div><div id=\"wpforms-4713-field_11-container\" class=\"wpforms-field wpforms-field-text\" data-field-id=\"11\"><label class=\"wpforms-field-label\" for=\"wpforms-4713-field_11\">Nationalit\u00e9 de l&#039;enfant <span class=\"wpforms-required-label\" aria-hidden=\"true\">*<\/span><\/label><input type=\"text\" id=\"wpforms-4713-field_11\" class=\"wpforms-field-medium wpforms-field-required\" name=\"wpforms[fields][11]\" aria-errormessage=\"wpforms-4713-field_11-error\" required><\/div><div id=\"wpforms-4713-field_12-container\" class=\"wpforms-field wpforms-field-text\" data-field-id=\"12\"><label class=\"wpforms-field-label\" for=\"wpforms-4713-field_12\">Langue(s) parl\u00e9e(s) \u00e0 la maison <span class=\"wpforms-required-label\" aria-hidden=\"true\">*<\/span><\/label><input type=\"text\" id=\"wpforms-4713-field_12\" class=\"wpforms-field-medium wpforms-field-required\" name=\"wpforms[fields][12]\" aria-errormessage=\"wpforms-4713-field_12-error\" required><\/div><div id=\"wpforms-4713-field_13-container\" class=\"wpforms-field wpforms-field-select wpforms-field-select-style-classic\" data-field-id=\"13\"><label class=\"wpforms-field-label\" for=\"wpforms-4713-field_13\">Sexe de l&#039;enfant  <span class=\"wpforms-required-label\" aria-hidden=\"true\">*<\/span><\/label><select id=\"wpforms-4713-field_13\" class=\"wpforms-field-medium wpforms-field-required\" name=\"wpforms[fields][13]\" required=\"required\"><option value=\"Faites votre choix svp\" >Faites votre choix svp<\/option><option value=\"Masculin\" >Masculin<\/option><option value=\"F\u00e9minin\" >F\u00e9minin<\/option><\/select><\/div><div id=\"wpforms-4713-field_14-container\" class=\"wpforms-field wpforms-field-text\" data-field-id=\"14\"><label class=\"wpforms-field-label\" for=\"wpforms-4713-field_14\">Num\u00e9ro S\u00e9curit\u00e9 Sociale de l&#039;enfant <span class=\"wpforms-required-label\" aria-hidden=\"true\">*<\/span><\/label><input type=\"text\" id=\"wpforms-4713-field_14\" class=\"wpforms-field-medium wpforms-field-required\" name=\"wpforms[fields][14]\" aria-errormessage=\"wpforms-4713-field_14-error\" required><\/div><div id=\"wpforms-4713-field_15-container\" class=\"wpforms-field wpforms-field-text\" data-field-id=\"15\"><label class=\"wpforms-field-label\" for=\"wpforms-4713-field_15\">Adresse de l&#039;enfant <span class=\"wpforms-required-label\" aria-hidden=\"true\">*<\/span><\/label><input type=\"text\" id=\"wpforms-4713-field_15\" class=\"wpforms-field-medium wpforms-field-required\" name=\"wpforms[fields][15]\" aria-errormessage=\"wpforms-4713-field_15-error\" required><\/div><div id=\"wpforms-4713-field_16-container\" class=\"wpforms-field wpforms-field-text\" data-field-id=\"16\"><label class=\"wpforms-field-label\" for=\"wpforms-4713-field_16\">Code postal <span class=\"wpforms-required-label\" aria-hidden=\"true\">*<\/span><\/label><input type=\"text\" id=\"wpforms-4713-field_16\" class=\"wpforms-field-medium wpforms-field-required\" name=\"wpforms[fields][16]\" aria-errormessage=\"wpforms-4713-field_16-error\" required><\/div><div id=\"wpforms-4713-field_17-container\" class=\"wpforms-field wpforms-field-text\" data-field-id=\"17\"><label class=\"wpforms-field-label\" for=\"wpforms-4713-field_17\">Localit\u00e9 <span class=\"wpforms-required-label\" aria-hidden=\"true\">*<\/span><\/label><input type=\"text\" id=\"wpforms-4713-field_17\" class=\"wpforms-field-medium wpforms-field-required\" name=\"wpforms[fields][17]\" aria-errormessage=\"wpforms-4713-field_17-error\" required><\/div><div id=\"wpforms-4713-field_1-container\" class=\"wpforms-field wpforms-field-name\" data-field-id=\"1\"><label class=\"wpforms-field-label\" for=\"wpforms-4713-field_1\">Pr\u00e9nom &amp; Nom de la m\u00e8re <span class=\"wpforms-required-label\" aria-hidden=\"true\">*<\/span><\/label><input type=\"text\" id=\"wpforms-4713-field_1\" class=\"wpforms-field-medium wpforms-field-required\" name=\"wpforms[fields][1]\" placeholder=\"Pr\u00e9nom &amp; Nom\" aria-errormessage=\"wpforms-4713-field_1-error\" required><\/div><div id=\"wpforms-4713-field_18-container\" class=\"wpforms-field wpforms-field-text\" data-field-id=\"18\"><label class=\"wpforms-field-label\" for=\"wpforms-4713-field_18\">Adresse de la m\u00e8re <span class=\"wpforms-required-label\" aria-hidden=\"true\">*<\/span><\/label><input type=\"text\" id=\"wpforms-4713-field_18\" class=\"wpforms-field-medium wpforms-field-required\" name=\"wpforms[fields][18]\" aria-errormessage=\"wpforms-4713-field_18-error\" required><\/div><div id=\"wpforms-4713-field_19-container\" class=\"wpforms-field wpforms-field-text\" data-field-id=\"19\"><label class=\"wpforms-field-label\" for=\"wpforms-4713-field_19\">Code postal <span class=\"wpforms-required-label\" aria-hidden=\"true\">*<\/span><\/label><input type=\"text\" id=\"wpforms-4713-field_19\" class=\"wpforms-field-medium wpforms-field-required\" name=\"wpforms[fields][19]\" aria-errormessage=\"wpforms-4713-field_19-error\" required><\/div><div id=\"wpforms-4713-field_20-container\" class=\"wpforms-field wpforms-field-text\" data-field-id=\"20\"><label class=\"wpforms-field-label\" for=\"wpforms-4713-field_20\">Localit\u00e9 <span class=\"wpforms-required-label\" aria-hidden=\"true\">*<\/span><\/label><input type=\"text\" id=\"wpforms-4713-field_20\" class=\"wpforms-field-medium wpforms-field-required\" name=\"wpforms[fields][20]\" aria-errormessage=\"wpforms-4713-field_20-error\" required><\/div><div id=\"wpforms-4713-field_21-container\" class=\"wpforms-field wpforms-field-text\" data-field-id=\"21\"><label class=\"wpforms-field-label\" for=\"wpforms-4713-field_21\">Num\u00e9ro de t\u00e9l\u00e9phone \u00e0 domicile de la m\u00e8re<\/label><input type=\"text\" id=\"wpforms-4713-field_21\" class=\"wpforms-field-medium\" name=\"wpforms[fields][21]\" aria-errormessage=\"wpforms-4713-field_21-error\" ><\/div><div id=\"wpforms-4713-field_22-container\" class=\"wpforms-field wpforms-field-text\" data-field-id=\"22\"><label class=\"wpforms-field-label\" for=\"wpforms-4713-field_22\">Num\u00e9ro de t\u00e9l\u00e9phone portable de la m\u00e8re<\/label><input type=\"text\" id=\"wpforms-4713-field_22\" class=\"wpforms-field-medium\" name=\"wpforms[fields][22]\" aria-errormessage=\"wpforms-4713-field_22-error\" ><\/div><div id=\"wpforms-4713-field_23-container\" class=\"wpforms-field wpforms-field-text\" data-field-id=\"23\"><label class=\"wpforms-field-label\" for=\"wpforms-4713-field_23\">Num\u00e9ro de t\u00e9l\u00e9phone professionnel de la m\u00e8re<\/label><input type=\"text\" id=\"wpforms-4713-field_23\" class=\"wpforms-field-medium\" name=\"wpforms[fields][23]\" aria-errormessage=\"wpforms-4713-field_23-error\" ><\/div><div id=\"wpforms-4713-field_2-container\" class=\"wpforms-field wpforms-field-email\" data-field-id=\"2\"><label class=\"wpforms-field-label\" for=\"wpforms-4713-field_2\">Adresse email de la m\u00e8re <span class=\"wpforms-required-label\" aria-hidden=\"true\">*<\/span><\/label><input type=\"email\" id=\"wpforms-4713-field_2\" class=\"wpforms-field-medium wpforms-field-required\" name=\"wpforms[fields][2]\" spellcheck=\"false\" aria-errormessage=\"wpforms-4713-field_2-error\" required><\/div><div id=\"wpforms-4713-field_25-container\" class=\"wpforms-field wpforms-field-name\" data-field-id=\"25\"><label class=\"wpforms-field-label\" for=\"wpforms-4713-field_25\">Pr\u00e9nom &amp; Nom du p\u00e8re <span class=\"wpforms-required-label\" aria-hidden=\"true\">*<\/span><\/label><input type=\"text\" id=\"wpforms-4713-field_25\" class=\"wpforms-field-medium wpforms-field-required\" name=\"wpforms[fields][25]\" placeholder=\"Pr\u00e9nom &amp; Nom\" aria-errormessage=\"wpforms-4713-field_25-error\" required><\/div><div id=\"wpforms-4713-field_26-container\" class=\"wpforms-field wpforms-field-text\" data-field-id=\"26\"><label class=\"wpforms-field-label\" for=\"wpforms-4713-field_26\">Adresse du p\u00e8re <span class=\"wpforms-required-label\" aria-hidden=\"true\">*<\/span><\/label><input type=\"text\" id=\"wpforms-4713-field_26\" class=\"wpforms-field-medium wpforms-field-required\" name=\"wpforms[fields][26]\" aria-errormessage=\"wpforms-4713-field_26-error\" required><\/div><div id=\"wpforms-4713-field_27-container\" class=\"wpforms-field wpforms-field-text\" data-field-id=\"27\"><label class=\"wpforms-field-label\" for=\"wpforms-4713-field_27\">Code postal <span class=\"wpforms-required-label\" aria-hidden=\"true\">*<\/span><\/label><input type=\"text\" id=\"wpforms-4713-field_27\" class=\"wpforms-field-medium wpforms-field-required\" name=\"wpforms[fields][27]\" aria-errormessage=\"wpforms-4713-field_27-error\" required><\/div><div id=\"wpforms-4713-field_28-container\" class=\"wpforms-field wpforms-field-text\" data-field-id=\"28\"><label class=\"wpforms-field-label\" for=\"wpforms-4713-field_28\">Localit\u00e9 <span class=\"wpforms-required-label\" aria-hidden=\"true\">*<\/span><\/label><input type=\"text\" id=\"wpforms-4713-field_28\" class=\"wpforms-field-medium wpforms-field-required\" name=\"wpforms[fields][28]\" aria-errormessage=\"wpforms-4713-field_28-error\" required><\/div><div id=\"wpforms-4713-field_29-container\" class=\"wpforms-field wpforms-field-text\" data-field-id=\"29\"><label class=\"wpforms-field-label\" for=\"wpforms-4713-field_29\">Num\u00e9ro de t\u00e9l\u00e9phone \u00e0 domicile du p\u00e8re<\/label><input type=\"text\" id=\"wpforms-4713-field_29\" class=\"wpforms-field-medium\" name=\"wpforms[fields][29]\" aria-errormessage=\"wpforms-4713-field_29-error\" ><\/div><div id=\"wpforms-4713-field_30-container\" class=\"wpforms-field wpforms-field-text\" data-field-id=\"30\"><label class=\"wpforms-field-label\" for=\"wpforms-4713-field_30\">Num\u00e9ro de t\u00e9l\u00e9phone portable du p\u00e8re<\/label><input type=\"text\" id=\"wpforms-4713-field_30\" class=\"wpforms-field-medium\" name=\"wpforms[fields][30]\" aria-errormessage=\"wpforms-4713-field_30-error\" ><\/div><div id=\"wpforms-4713-field_31-container\" class=\"wpforms-field wpforms-field-text\" data-field-id=\"31\"><label class=\"wpforms-field-label\" for=\"wpforms-4713-field_31\">Num\u00e9ro de t\u00e9l\u00e9phone professionnel du p\u00e8re<\/label><input type=\"text\" id=\"wpforms-4713-field_31\" class=\"wpforms-field-medium\" name=\"wpforms[fields][31]\" aria-errormessage=\"wpforms-4713-field_31-error\" ><\/div><\/div><!-- .wpforms-field-container --><div class=\"wpforms-submit-container\" ><input type=\"hidden\" name=\"wpforms[id]\" value=\"4713\"><input type=\"hidden\" name=\"page_title\" value=\"\"><input type=\"hidden\" name=\"page_url\" value=\"https:\/\/hakunamatata.lu\/index.php?rest_route=\/wp\/v2\/pages\/4706\"><input type=\"hidden\" name=\"url_referer\" value=\"\"><button type=\"submit\" name=\"wpforms[submit]\" id=\"wpforms-submit-4713\" class=\"wpforms-submit\" data-alt-text=\"En cours d&#039;envoi...\" data-submit-text=\"Envoyer\" aria-live=\"assertive\" value=\"wpforms-submit\">Envoyer<\/button><img decoding=\"async\" src=\"https:\/\/hakunamatata.lu\/wp-content\/plugins\/wpforms-lite\/assets\/images\/submit-spin.svg\" class=\"wpforms-submit-spinner\" style=\"display: none;\" width=\"26\" height=\"26\" alt=\"Loading\"><\/div><\/form><\/div>  <!-- .wpforms-container -->\t\t<\/div>\n\t\t\t\t<\/div>\n\t\t            <\/div>\n        <\/div>\n                            <\/div>\n        <\/section>\n        \t\t\t\t<\/div>\n\t\t\t\t\t<\/div>\n\t\t","protected":false},"excerpt":{"rendered":"<p>OFFREZ \u00c0 VOTRE ENFANT UN AVENIR \u00c9PANOUISSANT ! Rejoignez notre communaut\u00e9 d\u00e8s aujourd\u2019hui en pr\u00e9-inscrivant votre enfant ! Chez Hakuna Matata, nous offrons un environnement stimulant et s\u00e9curisant o\u00f9 chaque enfant peut s\u2019\u00e9panouir pleinement. Profitez de notre approche unique qui allie apprentissage ludique, repas \u00e9quilibr\u00e9s et un personnel passionn\u00e9. Les places sont limit\u00e9es, alors ne [&hellip;]<\/p>\n","protected":false},"author":1,"featured_media":0,"parent":0,"menu_order":0,"comment_status":"closed","ping_status":"closed","template":"","meta":{"footnotes":""},"_links":{"self":[{"href":"https:\/\/hakunamatata.lu\/index.php?rest_route=\/wp\/v2\/pages\/4706"}],"collection":[{"href":"https:\/\/hakunamatata.lu\/index.php?rest_route=\/wp\/v2\/pages"}],"about":[{"href":"https:\/\/hakunamatata.lu\/index.php?rest_route=\/wp\/v2\/types\/page"}],"author":[{"embeddable":true,"href":"https:\/\/hakunamatata.lu\/index.php?rest_route=\/wp\/v2\/users\/1"}],"replies":[{"embeddable":true,"href":"https:\/\/hakunamatata.lu\/index.php?rest_route=%2Fwp%2Fv2%2Fcomments&post=4706"}],"version-history":[{"count":7,"href":"https:\/\/hakunamatata.lu\/index.php?rest_route=\/wp\/v2\/pages\/4706\/revisions"}],"predecessor-version":[{"id":4740,"href":"https:\/\/hakunamatata.lu\/index.php?rest_route=\/wp\/v2\/pages\/4706\/revisions\/4740"}],"wp:attachment":[{"href":"https:\/\/hakunamatata.lu\/index.php?rest_route=%2Fwp%2Fv2%2Fmedia&parent=4706"}],"curies":[{"name":"wp","href":"https:\/\/api.w.org\/{rel}","templated":true}]}}