{"id":4744,"date":"2025-05-12T12:37:40","date_gmt":"2025-05-12T12:37:40","guid":{"rendered":"https:\/\/hakunamatata.lu\/?page_id=4744"},"modified":"2025-05-12T13:25:34","modified_gmt":"2025-05-12T13:25:34","slug":"jobs","status":"publish","type":"page","link":"https:\/\/hakunamatata.lu\/?page_id=4744","title":{"rendered":"Jobs"},"content":{"rendered":"\t\t<div data-elementor-type=\"wp-page\" data-elementor-id=\"4744\" class=\"elementor elementor-4744\" data-elementor-settings=\"[]\">\n\t\t\t\t\t\t\t<div class=\"elementor-section-wrap\">\n\t\t\t\t\t        <section class=\"elementor-section elementor-top-section elementor-element elementor-element-54285891 elementor-section-stretched elementor-section-content-middle elementor-section-boxed elementor-section-height-default elementor-section-height-default\" data-id=\"54285891\" data-element_type=\"section\" data-settings=\"{&quot;stretch_section&quot;:&quot;section-stretched&quot;,&quot;background_background&quot;:&quot;classic&quot;}\">\n            \n                        <div class=\"elementor-container elementor-column-gap-default \">\n                    <div class=\"elementor-column elementor-col-50 elementor-top-column elementor-element elementor-element-62cc26b3\" data-id=\"62cc26b3\" data-element_type=\"column\">\n            <div class=\"elementor-widget-wrap elementor-element-populated\">\n                        \t\t<div class=\"elementor-element elementor-element-7496b62a elementor-widget elementor-widget-cms_image_single\" data-id=\"7496b62a\" data-element_type=\"widget\" data-widget_type=\"cms_image_single.default\">\n\t\t\t\t<div class=\"elementor-widget-container\">\n\t\t\t<div class=\"cms-image-single animation-none wow zoomIn\">\r\n            <div class=\"cms-img-box\">\r\n                            <img decoding=\"async\" width=\"1200\" height=\"948\" src=\"https:\/\/hakunamatata.lu\/wp-content\/uploads\/2020\/08\/banner-box.jpg\" class=\"attachment-full size-full\" alt=\"\" \/>                    <\/div>\r\n    <\/div>\t\t<\/div>\n\t\t\t\t<\/div>\n\t\t            <\/div>\n        <\/div>\n                <div class=\"elementor-column elementor-col-50 elementor-top-column elementor-element elementor-element-17f6c861\" data-id=\"17f6c861\" data-element_type=\"column\">\n            <div class=\"elementor-widget-wrap elementor-element-populated\">\n                        \t\t<div class=\"elementor-element elementor-element-33945b9b elementor-widget elementor-widget-cms_heading\" data-id=\"33945b9b\" data-element_type=\"widget\" data-widget_type=\"cms_heading.default\">\n\t\t\t\t<div class=\"elementor-widget-container\">\n\t\t\t<div class=\"cms-heading-wrapper cms-heading-layout1 \">\r\n    \r\n            <h3 class=\"custom-heading\">\r\n            <span                 >\r\n                REJOIGNEZ NOTRE \u00c9QUIPE !<\/span>\r\n        <\/h3>\r\n        \r\n            <div class=\"custom-heading-description\">\r\n            \u00cates-vous pr\u00eat(e) \u00e0 faire une diff\u00e9rence dans la vie des enfants et \u00e0 faire partie d'une \u00e9quipe dynamique et passionn\u00e9e ? Chez HAKUNA MATATA, nous cherchons des talents exceptionnels pour enrichir notre \u00e9quipe d\u00e9di\u00e9e \u00e0 l'\u00e9ducation et au bien-\u00eatre des plus jeunes.\nSi vous \u00eates enthousiaste, cr\u00e9atif(ve) et pr\u00eat(e) \u00e0 relever des d\u00e9fis dans un environnement stimulant, nous voulons vous conna\u00eetre ! Envoyez-nous votre CV \u00e0 jobs@hakunamatata.lu et venez partager votre passion et vos comp\u00e9tences avec nous. Ensemble, faisons de chaque jour une aventure enrichissante pour nos enfants !\n<\/br> <b>Postulez d\u00e8s aujourd\u2019hui et transformez votre passion en une carri\u00e8re gratifiante !        <\/div>\r\n    <\/div>\t\t<\/div>\n\t\t\t\t<\/div>\n\t\t        <section class=\"elementor-section elementor-inner-section elementor-element elementor-element-34a37c93 elementor-section-boxed elementor-section-height-default elementor-section-height-default\" data-id=\"34a37c93\" data-element_type=\"section\">\n            \n                        <div class=\"elementor-container elementor-column-gap-default \">\n                    <div class=\"elementor-column elementor-col-50 elementor-inner-column elementor-element elementor-element-4a44a3ff\" data-id=\"4a44a3ff\" data-element_type=\"column\">\n            <div class=\"elementor-widget-wrap\">\n                                    <\/div>\n        <\/div>\n                <div class=\"elementor-column elementor-col-50 elementor-inner-column elementor-element elementor-element-171e2227\" data-id=\"171e2227\" data-element_type=\"column\">\n            <div class=\"elementor-widget-wrap\">\n                                    <\/div>\n        <\/div>\n                            <\/div>\n        <\/section>\n                    <\/div>\n        <\/div>\n                            <\/div>\n        <\/section>\n                <div class=\"elementor-section elementor-top-section elementor-element elementor-element-0d56a18 elementor-section-stretched elementor-section-full_width elementor-section-height-default elementor-section-height-default\" data-id=\"0d56a18\" data-element_type=\"section\" data-settings=\"{&quot;stretch_section&quot;:&quot;section-stretched&quot;,&quot;background_background&quot;:&quot;classic&quot;}\">\n            \n                        <div class=\"elementor-container elementor-column-gap-default \">\n                    <div class=\"elementor-column elementor-col-100 elementor-top-column elementor-element elementor-element-69df163\" data-id=\"69df163\" data-element_type=\"column\">\n            <div class=\"elementor-widget-wrap elementor-element-populated\">\n                        \t\t<div class=\"elementor-element elementor-element-cbe8615 elementor-widget elementor-widget-cms_banner\" data-id=\"cbe8615\" data-element_type=\"widget\" data-widget_type=\"cms_banner.default\">\n\t\t\t\t<div class=\"elementor-widget-container\">\n\t\t\t<div class=\"cms-banner layout1\">\r\n            <div class=\"img-bg \">\r\n            <img decoding=\"async\" width=\"1770\" height=\"71\" src=\"https:\/\/hakunamatata.lu\/wp-content\/uploads\/2020\/08\/grass.png\" class=\"attachment-full size-full\" alt=\"\" \/>        <\/div>\r\n    <\/div>\t\t<\/div>\n\t\t\t\t<\/div>\n\t\t            <\/div>\n        <\/div>\n                            <\/div>\n        <\/div>\n                <section class=\"elementor-section elementor-top-section elementor-element elementor-element-2e1ea485 elementor-section-stretched elementor-section-full_width elementor-section-height-default elementor-section-height-default\" data-id=\"2e1ea485\" data-element_type=\"section\" data-settings=\"{&quot;stretch_section&quot;:&quot;section-stretched&quot;,&quot;background_background&quot;:&quot;classic&quot;}\">\n            \n                        <div class=\"elementor-container elementor-column-gap-default \">\n                    <div class=\"elementor-column elementor-col-100 elementor-top-column elementor-element elementor-element-15096060\" data-id=\"15096060\" data-element_type=\"column\">\n            <div class=\"elementor-widget-wrap elementor-element-populated\">\n                        \t\t<div class=\"elementor-element elementor-element-8aadaf7 elementor-widget elementor-widget-wpforms\" data-id=\"8aadaf7\" data-element_type=\"widget\" data-widget_type=\"wpforms.default\">\n\t\t\t\t<div class=\"elementor-widget-container\">\n\t\t\t<style id=\"wpforms-css-vars-elementor-widget-8aadaf7\">\n\t\t\t\t.elementor-widget-wpforms.elementor-element-8aadaf7 {\n\t\t\t\t--wpforms-field-size-input-height: 43px;\n--wpforms-field-size-input-spacing: 15px;\n--wpforms-field-size-font-size: 16px;\n--wpforms-field-size-line-height: 19px;\n--wpforms-field-size-padding-h: 14px;\n--wpforms-field-size-checkbox-size: 16px;\n--wpforms-field-size-sublabel-spacing: 5px;\n--wpforms-field-size-icon-size: 1;\n--wpforms-label-size-font-size: 16px;\n--wpforms-label-size-line-height: 19px;\n--wpforms-label-size-sublabel-font-size: 14px;\n--wpforms-label-size-sublabel-line-height: 17px;\n--wpforms-button-size-font-size: 17px;\n--wpforms-button-size-height: 41px;\n--wpforms-button-size-padding-h: 15px;\n--wpforms-button-size-margin-top: 10px;\n\n\t\t\t}\n\t\t\t<\/style><div class=\"wpforms-container wpforms-container-full wpforms-render-modern\" id=\"wpforms-4749\"><form id=\"wpforms-form-4749\" class=\"wpforms-validate wpforms-form wpforms-ajax-form\" data-formid=\"4749\" method=\"post\" enctype=\"multipart\/form-data\" action=\"\/index.php?rest_route=%2Fwp%2Fv2%2Fpages%2F4744\" data-token=\"83165b6bf8902a4a5d23fe3a812da6af\" data-token-time=\"1777569199\"><noscript class=\"wpforms-error-noscript\">Please enable JavaScript in your browser to complete this form.<\/noscript><div class=\"wpforms-hidden\" id=\"wpforms-error-noscript\">Please enable JavaScript in your browser to complete this form.<\/div><div class=\"wpforms-field-container\"><div id=\"wpforms-4749-field_1-container\" class=\"wpforms-field wpforms-field-text\" data-field-id=\"1\"><label class=\"wpforms-field-label\" for=\"wpforms-4749-field_1\">Pr\u00e9nom &amp; Nom <span class=\"wpforms-required-label\" aria-hidden=\"true\">*<\/span><\/label><input type=\"text\" id=\"wpforms-4749-field_1\" class=\"wpforms-field-medium wpforms-field-required\" name=\"wpforms[fields][1]\" aria-errormessage=\"wpforms-4749-field_1-error\" required><\/div><div id=\"wpforms-4749-field_2-container\" class=\"wpforms-field wpforms-field-text\" data-field-id=\"2\"><label class=\"wpforms-field-label\" for=\"wpforms-4749-field_2\">Adresse <span class=\"wpforms-required-label\" aria-hidden=\"true\">*<\/span><\/label><input type=\"text\" id=\"wpforms-4749-field_2\" class=\"wpforms-field-medium wpforms-field-required\" name=\"wpforms[fields][2]\" aria-errormessage=\"wpforms-4749-field_2-error\" required><\/div><div id=\"wpforms-4749-field_3-container\" class=\"wpforms-field wpforms-field-text\" data-field-id=\"3\"><label class=\"wpforms-field-label\" for=\"wpforms-4749-field_3\">Code postal <span class=\"wpforms-required-label\" aria-hidden=\"true\">*<\/span><\/label><input type=\"text\" id=\"wpforms-4749-field_3\" class=\"wpforms-field-medium wpforms-field-required\" name=\"wpforms[fields][3]\" aria-errormessage=\"wpforms-4749-field_3-error\" required><\/div><div id=\"wpforms-4749-field_4-container\" class=\"wpforms-field wpforms-field-text\" data-field-id=\"4\"><label class=\"wpforms-field-label\" for=\"wpforms-4749-field_4\">Localit\u00e9 <span class=\"wpforms-required-label\" aria-hidden=\"true\">*<\/span><\/label><input type=\"text\" id=\"wpforms-4749-field_4\" class=\"wpforms-field-medium wpforms-field-required\" name=\"wpforms[fields][4]\" aria-errormessage=\"wpforms-4749-field_4-error\" required><\/div><div id=\"wpforms-4749-field_5-container\" class=\"wpforms-field wpforms-field-text\" data-field-id=\"5\"><label class=\"wpforms-field-label\" for=\"wpforms-4749-field_5\">Pays <span class=\"wpforms-required-label\" aria-hidden=\"true\">*<\/span><\/label><input type=\"text\" id=\"wpforms-4749-field_5\" class=\"wpforms-field-medium wpforms-field-required\" name=\"wpforms[fields][5]\" aria-errormessage=\"wpforms-4749-field_5-error\" required><\/div><div id=\"wpforms-4749-field_6-container\" class=\"wpforms-field wpforms-field-text\" data-field-id=\"6\"><label class=\"wpforms-field-label\" for=\"wpforms-4749-field_6\">Num\u00e9ro de t\u00e9l\u00e9phone portable <span class=\"wpforms-required-label\" aria-hidden=\"true\">*<\/span><\/label><input type=\"text\" id=\"wpforms-4749-field_6\" class=\"wpforms-field-medium wpforms-field-required\" name=\"wpforms[fields][6]\" aria-errormessage=\"wpforms-4749-field_6-error\" required><\/div><div id=\"wpforms-4749-field_7-container\" class=\"wpforms-field wpforms-field-text\" data-field-id=\"7\"><label class=\"wpforms-field-label\" for=\"wpforms-4749-field_7\">Adresse email <span class=\"wpforms-required-label\" aria-hidden=\"true\">*<\/span><\/label><input type=\"text\" id=\"wpforms-4749-field_7\" class=\"wpforms-field-medium wpforms-field-required\" name=\"wpforms[fields][7]\" aria-errormessage=\"wpforms-4749-field_7-error\" required><\/div><\/div><!-- .wpforms-field-container --><div class=\"wpforms-submit-container\" ><input type=\"hidden\" name=\"wpforms[id]\" value=\"4749\"><input type=\"hidden\" name=\"page_title\" value=\"\"><input type=\"hidden\" name=\"page_url\" value=\"https:\/\/hakunamatata.lu\/index.php?rest_route=\/wp\/v2\/pages\/4744\"><input type=\"hidden\" name=\"url_referer\" value=\"\"><button type=\"submit\" name=\"wpforms[submit]\" id=\"wpforms-submit-4749\" class=\"wpforms-submit\" data-alt-text=\"En cours d&#039;envoi...\" data-submit-text=\"Envoyer\" aria-live=\"assertive\" value=\"wpforms-submit\">Envoyer<\/button><img decoding=\"async\" src=\"https:\/\/hakunamatata.lu\/wp-content\/plugins\/wpforms-lite\/assets\/images\/submit-spin.svg\" class=\"wpforms-submit-spinner\" style=\"display: none;\" width=\"26\" height=\"26\" alt=\"Loading\"><\/div><\/form><\/div>  <!-- .wpforms-container -->\t\t<\/div>\n\t\t\t\t<\/div>\n\t\t            <\/div>\n        <\/div>\n                            <\/div>\n        <\/section>\n        \t\t\t\t<\/div>\n\t\t\t\t\t<\/div>\n\t\t","protected":false},"excerpt":{"rendered":"<p>REJOIGNEZ NOTRE \u00c9QUIPE ! \u00cates-vous pr\u00eat(e) \u00e0 faire une diff\u00e9rence dans la vie des enfants et \u00e0 faire partie d&#8217;une \u00e9quipe dynamique et passionn\u00e9e ? Chez HAKUNA MATATA, nous cherchons des talents exceptionnels pour enrichir notre \u00e9quipe d\u00e9di\u00e9e \u00e0 l&#8217;\u00e9ducation et au bien-\u00eatre des plus jeunes. Si vous \u00eates enthousiaste, cr\u00e9atif(ve) et pr\u00eat(e) \u00e0 relever [&hellip;]<\/p>\n","protected":false},"author":1,"featured_media":0,"parent":0,"menu_order":0,"comment_status":"closed","ping_status":"closed","template":"","meta":{"footnotes":""},"_links":{"self":[{"href":"https:\/\/hakunamatata.lu\/index.php?rest_route=\/wp\/v2\/pages\/4744"}],"collection":[{"href":"https:\/\/hakunamatata.lu\/index.php?rest_route=\/wp\/v2\/pages"}],"about":[{"href":"https:\/\/hakunamatata.lu\/index.php?rest_route=\/wp\/v2\/types\/page"}],"author":[{"embeddable":true,"href":"https:\/\/hakunamatata.lu\/index.php?rest_route=\/wp\/v2\/users\/1"}],"replies":[{"embeddable":true,"href":"https:\/\/hakunamatata.lu\/index.php?rest_route=%2Fwp%2Fv2%2Fcomments&post=4744"}],"version-history":[{"count":10,"href":"https:\/\/hakunamatata.lu\/index.php?rest_route=\/wp\/v2\/pages\/4744\/revisions"}],"predecessor-version":[{"id":4763,"href":"https:\/\/hakunamatata.lu\/index.php?rest_route=\/wp\/v2\/pages\/4744\/revisions\/4763"}],"wp:attachment":[{"href":"https:\/\/hakunamatata.lu\/index.php?rest_route=%2Fwp%2Fv2%2Fmedia&parent=4744"}],"curies":[{"name":"wp","href":"https:\/\/api.w.org\/{rel}","templated":true}]}}